{"id":8,"date":"2020-10-13T11:36:51","date_gmt":"2020-10-13T09:36:51","guid":{"rendered":"http:\/\/kitasttheresia.de\/202010131117wp\/?page_id=8"},"modified":"2025-04-07T21:55:53","modified_gmt":"2025-04-07T19:55:53","slug":"startseite","status":"publish","type":"page","link":"https:\/\/kitasttheresia.de\/202010131117wp\/","title":{"rendered":"F\u00d6RDERVEREIN ST. THERESIA"},"content":{"rendered":"\n<p>Willkommen auf der Website des F\u00f6rdervereins der KiTa St. Theresia. Wir unterst\u00fctzen die KiTa St. Theresia aus Essen-Stadtwald mit Ideen und Engagement, aber nat\u00fcrlich auch finanziell.<\/p>\n\n\n\n<p>Unsere Arbeit gr\u00fcndet sich auf drei S\u00e4ulen:<\/p>\n\n\n\n<ul class=\"wp-block-list\"><li>Finanzielle Unterst\u00fctzung<\/li><li>Ideelle Unterst\u00fctzung des p\u00e4dagogischen Teams<\/li><li>Tatkr\u00e4ftige Unterst\u00fctzung in der \u00d6ffentlichkeitsarbeit<\/li><\/ul>\n\n\n\n<p>Hier erfahrt Ihr alles \u00fcber&nbsp;die Arbeit und Projekte des F\u00f6rdervereins, wof\u00fcr wir aktuell sammeln, den&nbsp;Kindergarten-Alltag von St. Theresia und alles was wir f\u00fcr die Zukunft noch planen. Ihr findet einen \u00dcberblick \u00fcber die n\u00e4chsten Termine und k\u00f6nnt sehen, wo wir noch Hilfe und Unterst\u00fctzung ben\u00f6tigen.<\/p>\n\n\n\n<h3 class=\"wp-block-heading\">Unterst\u00fctzt die Arbeit des F\u00f6rdervereins!<\/h3>\n\n\n\n<ul class=\"wp-block-list\"><li>Mit einer Mitgliedschaft ab 25 \u20ac im Jahr (<a href=\"http:\/\/kitasttheresia.de\/202010131117wp\/?page_id=129\" data-type=\"page\" data-id=\"129\">Wie werde ich Mitglied?<\/a>)<\/li><li>Mit Sachspenden und Geldspenden<\/li><li>Mit Eurer aktiven Mitarbeit und Euren Ideen!<\/li><\/ul>\n\n\n\n<h3 class=\"wp-block-heading\">Gemeinsam mit Engagement und Spa\u00df f\u00fcr unsere Kinder!<\/h3>\n\n\n\n<p>Wir freuen uns \u00fcber jede Form der Mithilfe und Unterst\u00fctzung. Wichtig ist z. B. auch tatkr\u00e4ftige Unterst\u00fctzung bei unseren Aktivit\u00e4ten, bei der Durchf\u00fchrung von Festen oder dem Second-Hand Basar. Bringt Eure Ideen, W\u00fcnsche und Know-How bei den Mitgliederversammlungen ein. Oder spendet gegen eine Quittung an unseren gemeinn\u00fctzigen Verein, um die Welt f\u00fcr unsere Kinder noch etwas sch\u00f6ner zu machen.<\/p>\n","protected":false},"excerpt":{"rendered":"<p>Willkommen auf der Website des F\u00f6rdervereins der KiTa St. Theresia. Wir unterst\u00fctzen die KiTa St. Theresia aus Essen-Stadtwald mit Ideen und Engagement, aber nat\u00fcrlich auch finanziell. Unsere Arbeit gr\u00fcndet sich auf drei S\u00e4ulen: Finanzielle Unterst\u00fctzung Ideelle Unterst\u00fctzung des p\u00e4dagogischen Teams Tatkr\u00e4ftige Unterst\u00fctzung in der \u00d6ffentlichkeitsarbeit Hier erfahrt Ihr alles \u00fcber&nbsp;die Arbeit und Projekte des F\u00f6rdervereins, &hellip; <a href=\"https:\/\/kitasttheresia.de\/202010131117wp\/\" class=\"more-link\">Weiterlesen <span class=\"screen-reader-text\">F\u00d6RDERVEREIN ST. THERESIA<\/span><\/a><\/p>\n","protected":false},"author":1,"featured_media":0,"parent":0,"menu_order":0,"comment_status":"closed","ping_status":"closed","template":"","meta":{"footnotes":""},"class_list":["post-8","page","type-page","status-publish","hentry","without-featured-image"],"_links":{"self":[{"href":"https:\/\/kitasttheresia.de\/202010131117wp\/wp-json\/wp\/v2\/pages\/8","targetHints":{"allow":["GET"]}}],"collection":[{"href":"https:\/\/kitasttheresia.de\/202010131117wp\/wp-json\/wp\/v2\/pages"}],"about":[{"href":"https:\/\/kitasttheresia.de\/202010131117wp\/wp-json\/wp\/v2\/types\/page"}],"author":[{"embeddable":true,"href":"https:\/\/kitasttheresia.de\/202010131117wp\/wp-json\/wp\/v2\/users\/1"}],"replies":[{"embeddable":true,"href":"https:\/\/kitasttheresia.de\/202010131117wp\/wp-json\/wp\/v2\/comments?post=8"}],"version-history":[{"count":12,"href":"https:\/\/kitasttheresia.de\/202010131117wp\/wp-json\/wp\/v2\/pages\/8\/revisions"}],"predecessor-version":[{"id":600,"href":"https:\/\/kitasttheresia.de\/202010131117wp\/wp-json\/wp\/v2\/pages\/8\/revisions\/600"}],"wp:attachment":[{"href":"https:\/\/kitasttheresia.de\/202010131117wp\/wp-json\/wp\/v2\/media?parent=8"}],"curies":[{"name":"wp","href":"https:\/\/api.w.org\/{rel}","templated":true}]}}