{"id":51,"date":"2021-02-26T10:19:55","date_gmt":"2021-02-26T09:19:55","guid":{"rendered":"http:\/\/kitasttheresia.de\/202010131117wp\/?page_id=51"},"modified":"2025-04-07T21:51:32","modified_gmt":"2025-04-07T19:51:32","slug":"impressum","status":"publish","type":"page","link":"https:\/\/kitasttheresia.de\/202010131117wp\/startseite\/impressum\/","title":{"rendered":"Impressum"},"content":{"rendered":"\n<p><strong>F\u00f6rderverein der KiTa St. Theresia e.V.<\/strong><br>Goldfinkstra\u00dfe 36<br>45134 Essen<br>Deutschland<\/p>\n\n\n\n<p>E-Mail F\u00f6rderverein:&nbsp;<a href=\"\/\"  class=\"mailcrypt\">fv<span><span>\u2202<\/span><\/span>kitasttheresia.de<\/a><br>Telefon: 0176 20 25 86 92<\/p>\n\n\n\n<p><strong>Gemeinschaftlich vertretungsberechtigt:<\/strong><br><strong>Vorsitzende:<\/strong><br>Thomas Fricke<br>c\/o Goldfinkstra\u00dfe 36<br>45134 Essen<br><br><strong>Telefon:<\/strong>\u00a00176 20 25 86 92<br><strong>E-Mail:<\/strong>\u00a0\u00a0<a href=\"\/\"  class=\"mailcrypt\">fv<span><span>\u2202<\/span><\/span>kitasttheresia.de<\/a><br><br><strong>Stellv. Vorsitzender:<\/strong><br>Stefan Frye<br>c\/o Geitlingstrasse 36<br>45134 Essen<br><br><strong>Kassenw\u00e4rtin:<\/strong><br>Sabrina Thom<br>c\/o Goldfinkstra\u00dfe 36<br>45134 Essen<\/p>\n\n\n\n<p><strong>V.i.S.d \u00a7 55 Abs. 2 RStV:<\/strong><br>Martin Goeser<br>c\/o Goldfinkstra\u00dfe 36<br>45134 Essen<\/p>\n\n\n\n<p><br><\/p>\n\n\n\n<p><br><\/p>\n\n\n\n<p><\/p>\n","protected":false},"excerpt":{"rendered":"<p>F\u00f6rderverein der KiTa St. Theresia e.V.Goldfinkstra\u00dfe 3645134 EssenDeutschland E-Mail F\u00f6rderverein:&nbsp;Telefon: 0176 20 25 86 92 Gemeinschaftlich vertretungsberechtigt:Vorsitzende:Thomas Frickec\/o Goldfinkstra\u00dfe 3645134 Essen Telefon:\u00a00176 20 25 86 92E-Mail:\u00a0\u00a0 Stellv. Vorsitzender:Stefan Fryec\/o Geitlingstrasse 3645134 Essen Kassenw\u00e4rtin:Sabrina Thomc\/o Goldfinkstra\u00dfe 3645134 Essen V.i.S.d \u00a7 55 Abs. 2 RStV:Martin Goeserc\/o Goldfinkstra\u00dfe 3645134 Essen<\/p>\n","protected":false},"author":6,"featured_media":0,"parent":8,"menu_order":0,"comment_status":"closed","ping_status":"closed","template":"","meta":{"footnotes":""},"class_list":["post-51","page","type-page","status-publish","hentry","without-featured-image"],"_links":{"self":[{"href":"https:\/\/kitasttheresia.de\/202010131117wp\/wp-json\/wp\/v2\/pages\/51","targetHints":{"allow":["GET"]}}],"collection":[{"href":"https:\/\/kitasttheresia.de\/202010131117wp\/wp-json\/wp\/v2\/pages"}],"about":[{"href":"https:\/\/kitasttheresia.de\/202010131117wp\/wp-json\/wp\/v2\/types\/page"}],"author":[{"embeddable":true,"href":"https:\/\/kitasttheresia.de\/202010131117wp\/wp-json\/wp\/v2\/users\/6"}],"replies":[{"embeddable":true,"href":"https:\/\/kitasttheresia.de\/202010131117wp\/wp-json\/wp\/v2\/comments?post=51"}],"version-history":[{"count":9,"href":"https:\/\/kitasttheresia.de\/202010131117wp\/wp-json\/wp\/v2\/pages\/51\/revisions"}],"predecessor-version":[{"id":775,"href":"https:\/\/kitasttheresia.de\/202010131117wp\/wp-json\/wp\/v2\/pages\/51\/revisions\/775"}],"up":[{"embeddable":true,"href":"https:\/\/kitasttheresia.de\/202010131117wp\/wp-json\/wp\/v2\/pages\/8"}],"wp:attachment":[{"href":"https:\/\/kitasttheresia.de\/202010131117wp\/wp-json\/wp\/v2\/media?parent=51"}],"curies":[{"name":"wp","href":"https:\/\/api.w.org\/{rel}","templated":true}]}}