{"id":502,"date":"2022-04-26T09:38:26","date_gmt":"2022-04-26T07:38:26","guid":{"rendered":"http:\/\/kitasttheresia.de\/202010131117wp\/?page_id=502"},"modified":"2024-12-27T20:31:23","modified_gmt":"2024-12-27T19:31:23","slug":"helfer-und-spenden","status":"publish","type":"page","link":"https:\/\/kitasttheresia.de\/202010131117wp\/aktuelles\/flohmarkt\/helfer-und-spenden\/","title":{"rendered":"Helfer und Spenden"},"content":{"rendered":"\n<p>Ohne ehrenamtliches Engagement w\u00fcrde der <a href=\"https:\/\/kitasttheresia.de\/202010131117wp\/winterflohmarkt-2025\/\">Flohmarkt<\/a> nicht funktionieren: Wir haben die letzten Male Verkaufszeiten ausgeweitet, damit wir den Eltern ein \u201eLate-Night-Shopping\u201c ohne Kinder anbieten k\u00f6nnen und sich der gro\u00dfe Aufwand des Vor- und Zur\u00fccksortierens lohnt. Um das zu stemmen brauchen wir so viele Helferinnen und Helfer wie m\u00f6glich! Das muss nat\u00fcrlich nicht das ganze Wochenende sein, jede Stunde die Ihr er\u00fcbrigen k\u00f6nnt hilft uns weiter. Auch Freunde, Omas, Opas, Paten und Co. sind herzlich willkommen! <a href=\"https:\/\/www.bullsheet.de\/S\/Helferliste_Pr6e1wpxtnVt\" target=\"_blank\" rel=\"noreferrer noopener\">Tragt Euch hier in die Liste ein<\/a>, sprecht uns an oder schreibt uns eine Mail.<\/p>\n\n\n\n<p>Wer keine Zeit hat vor Ort zu sein, kann trotzdem helfen: Wir brauchen Spenden in Form von Kuchen, Muffins, kleinem Laugengeb\u00e4ck, Wasser, Apfelschorle etc. \u00dcber unsere <a href=\"https:\/\/www.bullsheet.de\/S\/index.php?k=Spendenliste_S53LggBkkthC&amp;r=28502\" target=\"_blank\" rel=\"noreferrer noopener\">Bullsheet-Liste<\/a> k\u00f6nnt Ihr Euch eintragen und uns Eure Spenden am Freitag Abend oder Samstag bis 09:45 Uhr bringen.<\/p>\n\n\n\n<div class=\"wp-block-columns is-layout-flex wp-container-core-columns-is-layout-1 wp-block-columns-is-layout-flex\">\n<div class=\"wp-block-column is-layout-flow wp-block-column-is-layout-flow\">\n<p class=\"has-text-align-center\"><a href=\"https:\/\/www.bullsheet.de\/S\/Helferliste_Pr6e1wpxtnVt\" data-type=\"URL\" target=\"_blank\" rel=\"noreferrer noopener\">Helferliste<\/a><\/p>\n<\/div>\n\n\n\n<div class=\"wp-block-column is-layout-flow wp-block-column-is-layout-flow\">\n<p class=\"has-text-align-center\"><a href=\"https:\/\/www.bullsheet.de\/S\/index.php?k=Spendenliste_S53LggBkkthC&amp;r=28502\" data-type=\"URL\" target=\"_blank\" rel=\"noreferrer noopener\">Spendenliste<\/a><\/p>\n<\/div>\n<\/div>\n\n\n\n<h4 class=\"wp-block-heading\">Welche Aufgaben gibt es?<\/h4>\n\n\n\n<h4 class=\"wp-block-heading\">Aufbau<\/h4>\n\n\n\n<p>Zun\u00e4chst brauchen wir Helferinnen und Helfer die beim Aufbau helfen. Dazu m\u00fcssen die Kisten der Verk\u00e4ufer entgegengenommen werden und die einzelnen Teile nach Gr\u00f6\u00dfen und &#8211; soweit m\u00f6glich &#8211; nach Geschlecht sortiert auf die Tische im Pfarrsaal verteilt werden. Dabei kann man gut quatschen und auch mal die Eltern aus den anderen Gruppen kennenlernen. Erfahrungsgem\u00e4\u00df ist diese Aufgabe sehr beliebt, weil die Kinder noch betreut sind und man schon einmal nach den besten Teilen st\u00f6bern kann. Kaufen kann man beim Aufbau aber noch nicht! Das war in der Vergangenheit anders, ist aber den anderen F\u00f6rdervereinsmitgliedern, die vielleicht zu einem sp\u00e4teren Zeitpunkt helfen, gegen\u00fcber unfair.<\/p>\n\n\n\n<h4 class=\"wp-block-heading\">Freitag-Abend<\/h4>\n\n\n\n<p>Der gr\u00f6\u00dfte Ansturm kommt am Freitagabend: Hier brauchen wir viele Helferinnen und Helfer f\u00fcr den Verkauf von Kleidung und Spielzeug. Wir arbeiten in zweier Teams: Einer klebt das Etikett auf und der oder die andere verpackt die Kleidung oder das Spielzeug in T\u00fcten. Das ist ein richtiges Gemeinschaftsgef\u00fchl und besonders wenn es voll ist, vergeht die Zeit wie im Flug. Dazu brauchen wir Hilfe beim Kassieren und dem Kuchen-und Sekt-Verkauf. F\u00fcr die Helfer haben wir auch ein paar warme Getr\u00e4nke parat und bestellen zum abendlichen Abschluss eine Pizza &#8211; das ist sehr gut f\u00fcr das Wir-Gef\u00fchl.<\/p>\n\n\n\n<h4 class=\"wp-block-heading\">Samstag<\/h4>\n\n\n\n<p>Samstag ist der Familientag: Hier kommen die Eltern mit ihren Kindern und es wird lebhaft. Die Maxikinder und ehemaligen Theresia-Kinder helfen mit, die Kinder spielen und man hat auch mal Zeit f\u00fcr ein Qu\u00e4tschchen. Wieder brauchen Hilfe am Kuchen- und W\u00fcrstchen-Stand und nat\u00fcrlich beim Verkauf der Kleidung und des Spielzeugs.<\/p>\n\n\n\n<h4 class=\"wp-block-heading\">Abbau<\/h4>\n\n\n\n<p>Zum Schluss wird aufger\u00e4umt: Die \u00fcbrig gebliebene Kleidung und das Spielzeug muss wieder in die Kisten zur\u00fcck ger\u00e4umt werden. Alle, die ihre Sachen verkaufen, m\u00fcssen hier helfen und dann ihre Kiste direkt mit nach Hause nehmen.<\/p>\n\n\n\n<h5 class=\"wp-block-heading\">HIER DIE ZEITEN F\u00dcR DIE HELFENDEN:<\/h5>\n\n\n\n<figure class=\"wp-block-table\"><table><tbody><tr><td>Freitag: 11:00 \u2013 ca. 14:00 Uhr<\/td><td>Aufbau, Entgegennahme der Kisten, Sortieren<\/td><\/tr><tr><td>Freitag: 17:00 \u2013 20:00 Uhr<\/td><td>Verkauf, Einlasskontrolle, Sektverkauf<\/td><\/tr><tr><td>Samstag: 10:00 \u2013 13:00 Uhr<\/td><td>Verkauf, Einlasskontrolle, W\u00fcrstchenverkauf usw.<\/td><\/tr><tr><td>Samstag: 13:00 Uhr bis Ende<\/td><td>Abbau, Zur\u00fccksortieren, R\u00fcckgabe der Kisten<\/td><\/tr><\/tbody><\/table><\/figure>\n","protected":false},"excerpt":{"rendered":"<p>Ohne ehrenamtliches Engagement w\u00fcrde der Flohmarkt nicht funktionieren: Wir haben die letzten Male Verkaufszeiten ausgeweitet, damit wir den Eltern ein \u201eLate-Night-Shopping\u201c ohne Kinder anbieten k\u00f6nnen und sich der gro\u00dfe Aufwand des Vor- und Zur\u00fccksortierens lohnt. Um das zu stemmen brauchen wir so viele Helferinnen und Helfer wie m\u00f6glich! Das muss nat\u00fcrlich nicht das ganze Wochenende &hellip; <a href=\"https:\/\/kitasttheresia.de\/202010131117wp\/aktuelles\/flohmarkt\/helfer-und-spenden\/\" class=\"more-link\">Weiterlesen <span class=\"screen-reader-text\">Helfer und Spenden<\/span><\/a><\/p>\n","protected":false},"author":6,"featured_media":0,"parent":505,"menu_order":3,"comment_status":"closed","ping_status":"closed","template":"","meta":{"footnotes":""},"class_list":["post-502","page","type-page","status-publish","hentry","without-featured-image"],"_links":{"self":[{"href":"https:\/\/kitasttheresia.de\/202010131117wp\/wp-json\/wp\/v2\/pages\/502","targetHints":{"allow":["GET"]}}],"collection":[{"href":"https:\/\/kitasttheresia.de\/202010131117wp\/wp-json\/wp\/v2\/pages"}],"about":[{"href":"https:\/\/kitasttheresia.de\/202010131117wp\/wp-json\/wp\/v2\/types\/page"}],"author":[{"embeddable":true,"href":"https:\/\/kitasttheresia.de\/202010131117wp\/wp-json\/wp\/v2\/users\/6"}],"replies":[{"embeddable":true,"href":"https:\/\/kitasttheresia.de\/202010131117wp\/wp-json\/wp\/v2\/comments?post=502"}],"version-history":[{"count":19,"href":"https:\/\/kitasttheresia.de\/202010131117wp\/wp-json\/wp\/v2\/pages\/502\/revisions"}],"predecessor-version":[{"id":763,"href":"https:\/\/kitasttheresia.de\/202010131117wp\/wp-json\/wp\/v2\/pages\/502\/revisions\/763"}],"up":[{"embeddable":true,"href":"https:\/\/kitasttheresia.de\/202010131117wp\/wp-json\/wp\/v2\/pages\/505"}],"wp:attachment":[{"href":"https:\/\/kitasttheresia.de\/202010131117wp\/wp-json\/wp\/v2\/media?parent=502"}],"curies":[{"name":"wp","href":"https:\/\/api.w.org\/{rel}","templated":true}]}}