{"id":244,"date":"2021-02-16T13:12:07","date_gmt":"2021-02-16T12:12:07","guid":{"rendered":"http:\/\/kitasttheresia.de\/202010131117wp\/?page_id=244"},"modified":"2021-02-16T13:12:08","modified_gmt":"2021-02-16T12:12:08","slug":"faqs","status":"publish","type":"page","link":"https:\/\/kitasttheresia.de\/202010131117wp\/foerderverein\/faqs\/","title":{"rendered":"FAQs"},"content":{"rendered":"\n<p><strong>Wer kann wie Vorschl\u00e4ge f\u00fcr Ausgaben machen?<\/strong><\/p>\n\n\n\n<p>Alle Mitglieder des Vereins k\u00f6nnen Vorschl\u00e4ge \u00fcber das&nbsp;Kontaktformular&nbsp;oder per&nbsp;<a href=\"mailto:<a href=\"\/\"  class=\"mailcrypt\">fv<span><span>\u2202<\/span><\/span>kitasttheresia.de<\/a>\">E-Mail<\/a>&nbsp;direkt an den Vorstand des F\u00f6rdervereins schicken.<\/p>\n\n\n\n<p><strong>Wie wird \u00fcber die Ausgaben des F\u00f6rdervereins entschieden?<\/strong><\/p>\n\n\n\n<p>Die Mitglieder des Vorstandes halten durch Newsletter, Emails und die Mitgliederversammlungen engen Kontakt zu den Vereinsmitgliedern. Gemeinsam wird \u00fcber Vorschl\u00e4ge und gr\u00f6\u00dfere Anschaffungen abgestimmt, kleinere Summen kann der Vorstand der Einfachheit halber auch alleine freigeben. Alle Ideen werden vor der Umsetzung mit der Kita-Leitung besprochen, damit sie auch zum Alltag im Kindergarten passen.<\/p>\n\n\n\n<p><strong>Wie oft trifft sich der F\u00f6rderverein?<\/strong><\/p>\n\n\n\n<p>Die Mitglieder des F\u00f6rdervereins treffen sich in der Regel zwei Mal im Jahr.&nbsp;Hier&nbsp;kannst du dich \u00fcber die <a href=\"http:\/\/kitasttheresia.de\/202010131117wp\/termine\">Termine<\/a> informieren.<\/p>\n","protected":false},"excerpt":{"rendered":"<p>Wer kann wie Vorschl\u00e4ge f\u00fcr Ausgaben machen? Alle Mitglieder des Vereins k\u00f6nnen Vorschl\u00e4ge \u00fcber das&nbsp;Kontaktformular&nbsp;oder per&nbsp;E-Mail&nbsp;direkt an den Vorstand des F\u00f6rdervereins schicken. Wie wird \u00fcber die Ausgaben des F\u00f6rdervereins entschieden? Die Mitglieder des Vorstandes halten durch Newsletter, Emails und die Mitgliederversammlungen engen Kontakt zu den Vereinsmitgliedern. Gemeinsam wird \u00fcber Vorschl\u00e4ge und gr\u00f6\u00dfere Anschaffungen abgestimmt, kleinere &hellip; <a href=\"https:\/\/kitasttheresia.de\/202010131117wp\/foerderverein\/faqs\/\" class=\"more-link\">Weiterlesen <span class=\"screen-reader-text\">FAQs<\/span><\/a><\/p>\n","protected":false},"author":6,"featured_media":0,"parent":112,"menu_order":0,"comment_status":"closed","ping_status":"closed","template":"","meta":{"footnotes":""},"class_list":["post-244","page","type-page","status-publish","hentry","without-featured-image"],"_links":{"self":[{"href":"https:\/\/kitasttheresia.de\/202010131117wp\/wp-json\/wp\/v2\/pages\/244","targetHints":{"allow":["GET"]}}],"collection":[{"href":"https:\/\/kitasttheresia.de\/202010131117wp\/wp-json\/wp\/v2\/pages"}],"about":[{"href":"https:\/\/kitasttheresia.de\/202010131117wp\/wp-json\/wp\/v2\/types\/page"}],"author":[{"embeddable":true,"href":"https:\/\/kitasttheresia.de\/202010131117wp\/wp-json\/wp\/v2\/users\/6"}],"replies":[{"embeddable":true,"href":"https:\/\/kitasttheresia.de\/202010131117wp\/wp-json\/wp\/v2\/comments?post=244"}],"version-history":[{"count":1,"href":"https:\/\/kitasttheresia.de\/202010131117wp\/wp-json\/wp\/v2\/pages\/244\/revisions"}],"predecessor-version":[{"id":245,"href":"https:\/\/kitasttheresia.de\/202010131117wp\/wp-json\/wp\/v2\/pages\/244\/revisions\/245"}],"up":[{"embeddable":true,"href":"https:\/\/kitasttheresia.de\/202010131117wp\/wp-json\/wp\/v2\/pages\/112"}],"wp:attachment":[{"href":"https:\/\/kitasttheresia.de\/202010131117wp\/wp-json\/wp\/v2\/media?parent=244"}],"curies":[{"name":"wp","href":"https:\/\/api.w.org\/{rel}","templated":true}]}}