{"id":137,"date":"2020-12-03T22:29:10","date_gmt":"2020-12-03T21:29:10","guid":{"rendered":"http:\/\/kitasttheresia.de\/202010131117wp\/?page_id=137"},"modified":"2021-02-16T11:28:57","modified_gmt":"2021-02-16T10:28:57","slug":"satzung","status":"publish","type":"page","link":"https:\/\/kitasttheresia.de\/202010131117wp\/foerderverein\/satzung\/","title":{"rendered":"Satzung"},"content":{"rendered":"\n<p id=\"block-0a9540b8-39dd-478e-85dc-30e9c3859184\"><strong>Satzung des F\u00f6rdervereins der KiTa St. Theresia<\/strong><\/p>\n\n\n\n<p id=\"block-a27f7779-9b40-4143-81c2-1cde9057c30b\"><strong>\u00a7 1 Name, Sitz<\/strong><\/p>\n\n\n\n<p id=\"block-22ec1cc4-145d-4e2e-a2ea-63302fd57d28\">1. Der Verein f\u00fchrt den Namen \u201eF\u00f6rderverein der KiTa St. Theresia\u201c. Er hat seinen Sitz in Essen und soll in das Vereinsregister eintragen werden.<\/p>\n\n\n\n<p id=\"block-4c442057-615d-4c2d-a23a-25ecb90146af\"><em>2. <\/em>Nach erfolgter Eintragung f\u00fchrt der Verein den Zusatz \u201ee.V.\u201c<\/p>\n\n\n\n<p id=\"block-8d072412-69fa-4ede-8728-1e201fe219d9\"><strong>\u00a7 2 Zweck<\/strong><\/p>\n\n\n\n<p id=\"block-cba3f3f4-a62c-4064-8916-2067b285294c\">1. Zweck des Vereins ist die F\u00f6rderung der Kindertagesst\u00e4tte St. Theresia in Essen Stadtwald.<\/p>\n\n\n\n<p id=\"block-15fe5c3f-dddd-4bc1-96a8-5c7ee70801c6\">Dazu z\u00e4hlen besonders:<\/p>\n\n\n\n<p id=\"block-6fdafacd-3883-4e3d-94de-6d67320f90d1\">a. die Durchf\u00fchrung, Unterst\u00fctzung und Mitgestaltung von Kindertagesst\u00e4tte und Kindertagesst\u00e4ttennahen Veranstaltungen,<\/p>\n\n\n\n<p id=\"block-a9eaa2eb-52d3-4799-83b3-c78b60e0ce42\">b. die Unterst\u00fctzung von Arbeitsgemeinschaften,<\/p>\n\n\n\n<p id=\"block-aa283fed-942b-44d5-aaa8-59acfc8c8833\">c. die Unterst\u00fctzung der Gremien und Elterninitiativen der Kindertagesst\u00e4ttegarten,<\/p>\n\n\n\n<p id=\"block-af3f84f9-c3d9-4b46-b96f-b9ad74b870d6\">d. die Beschaffung von zus\u00e4tzlichem Lehr-, Lern- und Anschauungsmaterial,<\/p>\n\n\n\n<p id=\"block-216cfe5c-bc2f-4d64-936c-ecc03a6f9fc3\">e. Unterst\u00fctzung von Gruppen- und Tagesfahrten<\/p>\n\n\n\n<p id=\"block-b576ca05-93e5-494a-bd1b-83eab20dabf0\">f. Beschaffung von Auszeichnungen und Preisen<\/p>\n\n\n\n<p id=\"block-9b1d399d-3abb-463c-8038-ff4ea922de66\">g. Besch\u00e4ftigung von Honorarkr\u00e4ften<\/p>\n\n\n\n<p id=\"block-2e6b1009-8dce-4dd2-a2e8-b89a7cdbd50f\">h. die Beschaffung von Ausstattungsgegenst\u00e4nden.<\/p>\n\n\n\n<p id=\"block-63ef41f5-f22d-4e3c-a976-735bdd712f40\">i. Die Pflege der Beziehungen zum Kindertagesst\u00e4ttentr\u00e4ger und die Unterst\u00fctzung der Interessen der Kindertagesst\u00e4tte in der \u00d6ffentlichkeit.<\/p>\n\n\n\n<p id=\"block-ceb39e40-ca2f-4247-ab8f-4b4a9b6161fc\">2. Diese Aufgaben k\u00f6nnen durch Beschluss der Mitgliederversammlung im Rahmen der steuerbeg\u00fcnstigten Zwecke erweitert oder eingeschr\u00e4nkt werden, ohne dass es einer Satzungs\u00e4nderung bedarf.<\/p>\n\n\n\n<p id=\"block-1fdccc6c-6888-42cb-b38e-13328e96beef\">3. Der Zweck wird verwirklicht durch Mitgliedsbeitr\u00e4ge und Sammlung von Spenden.<\/p>\n\n\n\n<p id=\"block-7337eb80-c1bd-4651-bf80-38270d7c85f2\">4. Der Verein verfolgt ausschlie\u00dflich und unmittelbar gemeinn\u00fctzige Zwecke im Sinne des Abschnittes \u201eSteuerbeg\u00fcnstigte Zwecke&#8220; der Abgabenordnung.<\/p>\n\n\n\n<p id=\"block-6211291d-4ceb-41b9-99ef-10172dad9847\">5. Der Verein ist selbstlos t\u00e4tig, er verfolgt nicht in erster Linie eigenwirtschaftliche Zwecke.<\/p>\n\n\n\n<p id=\"block-f3199ec2-7a0b-4381-9eea-8579c24d2600\">6. Das Vereinsverm\u00f6gen muss auf Kosten des Vereins unterhalten werden. Die Mittel des Vereins d\u00fcrfen nur f\u00fcr Satzungsgem\u00e4\u00dfe Zwecke verwandt werden.<\/p>\n\n\n\n<p id=\"block-904feb62-523d-4890-927b-4a9e70bedc6c\">7. Die Mitglieder erhalten keine Zuwendungen aus Mitteln des Vereins.<\/p>\n\n\n\n<p id=\"block-88104032-4802-47dd-8327-1f8d1e02cff2\">Es darf keine Person durch Ausgaben, die dem Zweck dem Verein fremd sind, oder durch unverh\u00e4ltnism\u00e4\u00dfig hohe Verg\u00fctungen beg\u00fcnstigt werden.<\/p>\n\n\n\n<p id=\"block-b255a59e-7e11-4c9a-8241-952ced3eb25e\"><strong>\u00a7 3 Mitgliedschaft<\/strong><\/p>\n\n\n\n<p id=\"block-7113bfb8-5c76-4945-bfd8-1e88b7cd4a0c\">1. Mitglied des Vereins kann jede nat\u00fcrliche Person mit vollendetem 16. Lebensjahr oder jede juristische Person werden, welche die Ziele des Vereins unterst\u00fctzt.<\/p>\n\n\n\n<p id=\"block-f9777cdf-22ef-41b8-af9e-67d209fe2fa4\">2. Die Mitgliedschaft ist schriftlich beim Vorstand zu beantragen. Dieser entscheidet \u00fcber den Antrag.<\/p>\n\n\n\n<p id=\"block-7ce540ef-c803-4038-a792-bd403fdc6bec\">Aufnahme bzw. Ablehnung ist dem Antragsteller schriftlich mitzuteilen.<\/p>\n\n\n\n<p id=\"block-39149126-089a-4cf1-95ef-a5f60af26b23\">3. Ehrenmitglieder k\u00f6nnen solche Personen werden, die sich in besonderer Weise um die Kindertagesst\u00e4tte oder den Verein verdient gemacht haben. Die Ernennung erfolgt durch Beschluss der Mitgliederversammlung.<\/p>\n\n\n\n<p id=\"block-d4ce4092-ae33-4e31-b8c4-13c0199f102a\"><strong>\u00a7 4 Beendigung der Mitgliedschaft<\/strong><\/p>\n\n\n\n<p id=\"block-faea675d-1539-4e1d-98b8-0967798d49b6\">1. Die Mitgliedschaft endet<\/p>\n\n\n\n<p id=\"block-be046a37-b727-4593-8a30-10baf473c101\">a. durch Tod, L\u00f6schung aus dem Vereinsregister oder Entziehung der Rechtsf\u00e4higkeit des Mitglieds,<\/p>\n\n\n\n<p id=\"block-5c878100-d62b-4c61-af7c-5423a2a321f3\">b. durch Austritt zum Ende eines Gesch\u00e4ftsjahres mittels schriftlicher Erkl\u00e4rung gegen\u00fcber dem<\/p>\n\n\n\n<p id=\"block-7c9a0730-d614-4137-8a04-3d5bf6e03fc3\">Vorstand und unter Einhaltung einer Frist von einem Monat,<\/p>\n\n\n\n<p id=\"block-0001866e-53ac-4571-8246-8a6871604ccc\">c. durch Ausschluss seitens des Vorstandes<\/p>\n\n\n\n<p id=\"block-04077c6b-cdc1-41f5-93c9-bdaf21db0dee\">i. wenn Beitr\u00e4ge und andere Zahlungsverpflichtungen f\u00fcr einen Zeitraum von 6 Monaten r\u00fcckst\u00e4ndig sind,<\/p>\n\n\n\n<p id=\"block-8a2e2129-18f2-46a1-8711-61634c02099a\">ii. auf Grund vereinssch\u00e4digenden Verhaltens. Der Ausgeschlossene hat das Recht, binnen eines Monats nach Empfang der Mitteilung beim Vorstand schriftlich gegen diese Entscheidung Einspruch einzulegen. Die n\u00e4chste Mitgliederversammlung entscheidet in diesem Fall \u00fcber den Ausschluss.<\/p>\n\n\n\n<p id=\"block-0b7d65ed-ebdc-4f94-8eee-99c847075e30\"><strong>\u00a7 5 Mitgliedsbeitrag<\/strong><\/p>\n\n\n\n<p id=\"block-31ff6e3e-accc-4c32-99df-6e48127729c2\">1. Der Mitgliedsgrundbeitrag wird von der Mitgliederversammlung festgesetzt. Die H\u00f6he des freiwilligen Beitrages liegt im eigenen Ermessen des Mitgliedes. Der sich aus beiden ergebende Beitrag ist ein Jahresmitgliedsbeitrag und wird f\u00fcr das Gesch\u00e4ftsjahr vorsch\u00fcssig auf Abruf entrichtet.<\/p>\n\n\n\n<p id=\"block-ac7e35ef-3b30-403d-b919-7b39c3a73735\">2. Das Gesch\u00e4ftsjahr wird von der Mitgliederversammlung mit einfacherer Mehrheit festgelegt.<\/p>\n\n\n\n<p id=\"block-b3f1e5f7-f5e1-4fda-8f49-370ce13db75f\"><strong>\u00a7 6 Rechte und Pflichten der Mitglieder<\/strong><\/p>\n\n\n\n<p id=\"block-ac4ca89d-6d96-4a49-af44-61680cb5e2f2\">1. Die Mitglieder haben das Recht, an den Mitgliederversammlungen des Vereins teilzunehmen, Antr\u00e4ge zu stellen und das Stimmrecht auszu\u00fcben. Jedes stimmberechtigte Mitglied hat eine Stimme, die pers\u00f6nlich oder durch Bevollm\u00e4chtigten abgegeben werden kann.<\/p>\n\n\n\n<p id=\"block-32499775-d673-4372-a778-66e180d865f1\">2. Die Mitglieder haben die in der Mitgliederversammlung festgesetzten Beitr\u00e4ge zu entrichten.<\/p>\n\n\n\n<p id=\"block-8b1a4b51-630f-44f9-82f6-a7872ac24eb8\">3. In Ausnahmef\u00e4llen kann der Vorstand auf Antrag den Beitrag erm\u00e4\u00dfigen oder erlassen, wenn das Mitglied den Verein durch gemeinn\u00fctzige Arbeit f\u00f6rdert.<\/p>\n\n\n\n<p id=\"block-6fd52f16-895f-4a7d-bf87-595dd366516f\">4. Ehrenmitglieder zahlen keinen Beitrag.<\/p>\n\n\n\n<p id=\"block-77b41185-3abc-4c74-81a4-fd4fde203ea3\"><strong>\u00a7 7 Organe des Vereins<\/strong><\/p>\n\n\n\n<p id=\"block-56f020c4-6ca1-4c98-9cc9-3d0c5f04820c\">1. Organe des Vereins sind<\/p>\n\n\n\n<p id=\"block-53414194-d34f-4450-b37d-aba49411f51e\">a. der Vorstand (\u00a7 8)<\/p>\n\n\n\n<p id=\"block-23199149-0965-4758-9707-2be12180f6e9\">b. die Mitgliederversammlung (\u00a7 9)<\/p>\n\n\n\n<p id=\"block-ff07f547-cf3e-4d3d-b246-3a535e00537c\">2. Die Mitgliederversammlung und der Vorstand k\u00f6nnen beschlie\u00dfen, dass zum Vorstand eine Anzahl Beisitzer<\/p>\n\n\n\n<p id=\"block-00e7262a-014d-4c76-a4ac-422b9c9905d3\">tritt, die nicht zum Vorstand gem\u00e4\u00df \u00a726 BGB geh\u00f6ren.<\/p>\n\n\n\n<p id=\"block-9d396bb6-49b8-4cdb-9323-0bb67dc8dcb6\"><strong>\u00a7 8 Der Vorstand<\/strong><\/p>\n\n\n\n<p id=\"block-37eace1d-1497-441a-8588-f81adaf30321\">1. Der Vorstand besteht gem. \u00a726 BGB aus<\/p>\n\n\n\n<p id=\"block-9e682e12-7888-491b-82a0-3d76b52b5286\">a. der Vorsitzenden \/ dem Vorsitzenden<\/p>\n\n\n\n<p id=\"block-5a40f7db-e1cd-4a97-949d-400659624136\">b. der stellvertretenden Vorsitzenden \/ dem stellvertretenden Vorsitzenden<\/p>\n\n\n\n<p id=\"block-0743c94a-27a7-4fc7-a269-ccb2e8f2c8d8\">c. der Kassiererin \/ dem Kassierer<\/p>\n\n\n\n<p id=\"block-d3f9c941-de79-4546-bb31-847d3c95e1b9\">2. Der Verein wird gerichtlich und au\u00dfergerichtlich vom Vorsitzenden und einem weiteren Mitglied des Vorstandes vertreten. Die Mitglieder des Vorstands m\u00fcssen Vereinsmitglieder sein. Beisitzer m\u00fcssen nicht Vereinsmitglieder sein.<\/p>\n\n\n\n<p id=\"block-2a4dc284-617d-4b3f-b4b7-401b9b6196cc\">3. Die Vorstandsmitglieder werden von der Mitgliederversammlung f\u00fcr die Dauer von 1 Jahren gew\u00e4hlt. Sie bleiben nach Ablauf der Amtszeit jedoch noch solange im Amt bis ein neuer Vorstand gew\u00e4hlt worden ist.<\/p>\n\n\n\n<p id=\"block-df4deadc-9df6-4f89-b388-4f74fcbb980f\">4. Dem Vorstand obliegt die F\u00fchrung der laufenden Gesch\u00e4fte.<\/p>\n\n\n\n<p id=\"block-1a4da25a-751b-449e-8c1b-0d5f5afeb71c\">a. Er ist beschlussf\u00e4hig, wenn mindestens 50 Prozent der Mitglieder des Vorstandes anwesend sind.<\/p>\n\n\n\n<p id=\"block-5c17b066-9026-43f9-bb46-feb88e589efc\">b. Die Beschl\u00fcsse werden mit einfacher Mehrheit gefasst. Bei Stimmengleichheit entscheidet die Stimme des Vorsitzenden.<\/p>\n\n\n\n<p id=\"block-ee8073b6-fde3-4196-a5d0-53a294b9acdc\">5. Die Vorstandssitzungen sind durch den Vorsitzenden einzuberufen.<\/p>\n\n\n\n<p id=\"block-ef1e9d6c-5246-4962-86a1-a8c160a174e4\">6. \u00dcber jede Sitzung ist eine Niederschrift zu fertigen, die von dem die Sitzung leitenden Vorstandsmitglied und dem Protokollf\u00fchrer zu unterzeichnen ist. Die Niederschriften sind aufzubewahren.<\/p>\n\n\n\n<p id=\"block-beb81a5f-7605-4c33-9352-d83fe1b43e06\">7. Die Mitglieder des Vorstandes \u00fcben ihre \u00c4mter ehrenamtlich aus<\/p>\n\n\n\n<p id=\"block-14a4bf6a-76d7-4eee-9656-f8f2690c5c7d\"><strong>\u00a7 9 Die Mitgliederversammlung<\/strong><\/p>\n\n\n\n<p id=\"block-95a5a136-38cc-453e-aab3-430721dc3e55\">1. Allj\u00e4hrlich findet mindestens eine ordentliche Mitgliederversammlung statt. Den Ort, der auch Sitz des Vereins sein soll, und die Zeit, grunds\u00e4tzlich in den ersten 6 Monaten des Gesch\u00e4ftsjahres &#8211; ausgenommen die Schulferien &#8211; bestimmt der Vorstand.<\/p>\n\n\n\n<p id=\"block-1a4ee41e-c845-429e-8180-cf7da45d7135\">a. Zu der Mitgliederversammlung werden die Mitglieder und Beisitzer sp\u00e4testens zwei Wochen vorher schriftlich mit Angaben der Tagesordnung eingeladen.<\/p>\n\n\n\n<p id=\"block-59de36aa-ae71-488f-8c73-77e0e1b54115\">b. Die Tagesordnung wird vom Vorstand festgesetzt.<\/p>\n\n\n\n<p id=\"block-e09adb31-42c1-411e-859a-5d9a0e1a9e8c\">c. Jedes Mitglied kann bis sp\u00e4testens eine Woche vor einer Mitgliederversammlung beim Vorstand schriftlich eine Erg\u00e4nzung der Tagesordnung beantragen. Der Versammlungsleiter hat zu Beginn der Mitgliederversammlung die Erg\u00e4nzung bekannt zu geben.<\/p>\n\n\n\n<p id=\"block-dd16a7ef-7c17-41af-afcb-dfd6215001f0\">d. \u00dcber Antr\u00e4ge auf Erg\u00e4nzung der Tagesordnung, die in Mitgliederversammlungen gestellt werden, beschlie\u00dft die Versammlung.<\/p>\n\n\n\n<p id=\"block-e65694b0-0a79-49d8-825c-3fed4c3ea9c8\">2. Der Mitgliederversammlung obliegen<\/p>\n\n\n\n<p id=\"block-e0ed1939-3720-441b-ac12-9ef9265b4041\">a. die Entgegennahme des Rechenschaftsberichtes des Vorstandes und des Berichtes des Kassenpr\u00fcfers f\u00fcr das abgelaufene Gesch\u00e4ftsjahr,<\/p>\n\n\n\n<p id=\"block-4611d69d-6a4c-4688-aa0d-ccd3b586511d\">b. die Entlastung des Vorstandes,<\/p>\n\n\n\n<p id=\"block-7bd71eb5-2c20-4bae-8404-eb37986efd58\">c. die Wahl des neuen Vorstandes. Der Vorstand wird auf ein Jahr mit einfacher Mehrheit der anwesenden Mitglieder gew\u00e4hlt. Er f\u00fchrt die Gesch\u00e4fte bis zur Neuwahl weiter.<\/p>\n\n\n\n<p id=\"block-5d029c10-b796-4a19-b5bf-5ff421bb9e6f\">d. die Wahl von zwei Kassenpr\u00fcfern,<\/p>\n\n\n\n<p id=\"block-6ebbf61c-58f9-4c84-b4f2-51a8b7d5719b\">e. Satzungs\u00e4nderungen,<\/p>\n\n\n\n<p id=\"block-9012a012-c492-4f0c-8fac-d1bfdc4b0fc6\">f. die Entscheidung \u00fcber die eingereichten Antr\u00e4ge,<\/p>\n\n\n\n<p id=\"block-30ebafca-311f-496d-9239-48882ea051cc\">g. die Ernennung von Ehrenmitgliedern,<\/p>\n\n\n\n<p id=\"block-2130e9cd-671a-4ea4-acd7-b0fd60f7a2ac\">h. die Aufl\u00f6sung des Vereins,<\/p>\n\n\n\n<p id=\"block-22d4f63c-4e47-48e4-b822-850ce1f7135c\">3. Eine au\u00dferordentliche Mitgliederversammlung findet statt,<\/p>\n\n\n\n<p id=\"block-5aad2195-ac2e-4e88-9407-185f49a934b8\">a. wenn mindestens 20 Prozent der Mitglieder dies schriftlich unter Angabe des Grundes beim Vorstand beantragen,<\/p>\n\n\n\n<p id=\"block-8cada66d-8a90-420b-a476-3e860eede564\">b. die Einberufung vom Vorstand beschlossen wird.<\/p>\n\n\n\n<p id=\"block-ffd9032d-59af-4c38-8da7-3d788e771263\">4. Jede ordnungsgem\u00e4\u00df anberaumte Mitgliederversammlung ist beschlussf\u00e4hig. Sie beschlie\u00dft \u00fcber Antr\u00e4ge durch einfache Mehrheit soweit sie nicht Satzungs\u00e4nderungen oder die Aufl\u00f6sung des Vereins betreffen.<\/p>\n\n\n\n<p id=\"block-b4ff716e-709c-42a0-a8cc-4c7f778671f3\">5. \u00dcber die Mitgliederversammlung und deren Beschl\u00fcsse ist ein Protokoll anzufertigen, das vom Protokollf\u00fchrer zu unterschreiben und von einem Vorstandsmitglied gegenzuzeichnen ist.<\/p>\n\n\n\n<p id=\"block-f3ac8035-29ad-4bd3-aa0f-af375cd4db47\"><strong>\u00a7 10 Satzungs\u00e4nderungen<\/strong><\/p>\n\n\n\n<p id=\"block-59979913-9288-44b9-8f60-4c36c069627a\">6. Die Satzungs\u00e4nderungen k\u00f6nnen nur auf Mitgliederversammlungen mit 3\/4 Mehrheit der anwesenden stimmberechtigten Mitglieder beschlossen werden.<\/p>\n\n\n\n<p id=\"block-7465671e-1c04-41ac-9b60-f5c3cf7dc867\">7. Davon ausgenommen ist die Ver\u00e4nderung des Vereinszwecks, sie erfordert die Zustimmung aller Mitglieder.<\/p>\n\n\n\n<p id=\"block-8780b284-6b08-48e2-8a94-0608e0005e3c\">8. Die Satzungs\u00e4nderungen, die vom Finanzamt zum Erlangen oder zum Erhalt der Gemeinn\u00fctzigkeit gefordert werden sowie vom Amtsgericht zur Eintragung ins Vereinsregister verlangt werden, k\u00f6nnen vom Vorstand ohne erneute Befragung der Mitgliederversammlung vorgenommen werden. Diese \u00c4nderungen sind auf der n\u00e4chsten Mitgliederversammlung vorzutragen.<\/p>\n\n\n\n<p id=\"block-fc37a373-d83d-4235-b091-57753718f14e\"><strong>\u00a7 11 Aufl\u00f6sung des Vereins<\/strong><\/p>\n\n\n\n<p id=\"block-6eaae60a-a6b1-47ee-9470-bb7ea89f7d6f\">9. Die Aufl\u00f6sung des Vereins kann nur von einer zu diesem Zweck einberufenen, au\u00dferordentlichen Mitgliederversammlung mit 3\/4 Mehrheit der anwesenden stimmberechtigten Mitglieder beschlossen werden.<\/p>\n\n\n\n<p id=\"block-1cfdc682-0819-4723-8e1c-9ee04319e479\">10. Im Fall der Aufl\u00f6sung des Vereins oder Wegfall des steuerbeg\u00fcnstigten Zwecks im Sinne der Abgabenordnung, f\u00e4llt das Vereinsverm\u00f6gen an die Kindertagesst\u00e4tte St. Theresia in Essen Stadtwald, die es unmittelbar und ausschlie\u00dflich f\u00fcr die in \u00a72 genannten Zwecke zu verwenden hat.<\/p>\n\n\n\n<p id=\"block-14a2bf1c-8f93-4540-b215-de5765897fd2\">Die Satzung wurde am 11. Mai 2007 errichtet.<\/p>\n","protected":false},"excerpt":{"rendered":"<p>Satzung des F\u00f6rdervereins der KiTa St. Theresia \u00a7 1 Name, Sitz 1. Der Verein f\u00fchrt den Namen \u201eF\u00f6rderverein der KiTa St. Theresia\u201c. Er hat seinen Sitz in Essen und soll in das Vereinsregister eintragen werden. 2. Nach erfolgter Eintragung f\u00fchrt der Verein den Zusatz \u201ee.V.\u201c \u00a7 2 Zweck 1. Zweck des Vereins ist die F\u00f6rderung &hellip; <a href=\"https:\/\/kitasttheresia.de\/202010131117wp\/foerderverein\/satzung\/\" class=\"more-link\">Weiterlesen <span class=\"screen-reader-text\">Satzung<\/span><\/a><\/p>\n","protected":false},"author":5,"featured_media":0,"parent":112,"menu_order":0,"comment_status":"closed","ping_status":"closed","template":"","meta":{"footnotes":""},"class_list":["post-137","page","type-page","status-publish","hentry","without-featured-image"],"_links":{"self":[{"href":"https:\/\/kitasttheresia.de\/202010131117wp\/wp-json\/wp\/v2\/pages\/137","targetHints":{"allow":["GET"]}}],"collection":[{"href":"https:\/\/kitasttheresia.de\/202010131117wp\/wp-json\/wp\/v2\/pages"}],"about":[{"href":"https:\/\/kitasttheresia.de\/202010131117wp\/wp-json\/wp\/v2\/types\/page"}],"author":[{"embeddable":true,"href":"https:\/\/kitasttheresia.de\/202010131117wp\/wp-json\/wp\/v2\/users\/5"}],"replies":[{"embeddable":true,"href":"https:\/\/kitasttheresia.de\/202010131117wp\/wp-json\/wp\/v2\/comments?post=137"}],"version-history":[{"count":3,"href":"https:\/\/kitasttheresia.de\/202010131117wp\/wp-json\/wp\/v2\/pages\/137\/revisions"}],"predecessor-version":[{"id":213,"href":"https:\/\/kitasttheresia.de\/202010131117wp\/wp-json\/wp\/v2\/pages\/137\/revisions\/213"}],"up":[{"embeddable":true,"href":"https:\/\/kitasttheresia.de\/202010131117wp\/wp-json\/wp\/v2\/pages\/112"}],"wp:attachment":[{"href":"https:\/\/kitasttheresia.de\/202010131117wp\/wp-json\/wp\/v2\/media?parent=137"}],"curies":[{"name":"wp","href":"https:\/\/api.w.org\/{rel}","templated":true}]}}