{"id":133,"date":"2020-12-03T22:28:26","date_gmt":"2020-12-03T21:28:26","guid":{"rendered":"http:\/\/kitasttheresia.de\/202010131117wp\/?page_id=133"},"modified":"2024-07-02T23:43:53","modified_gmt":"2024-07-02T21:43:53","slug":"projekte","status":"publish","type":"page","link":"https:\/\/kitasttheresia.de\/202010131117wp\/foerderverein\/projekte\/","title":{"rendered":"Projekte"},"content":{"rendered":"\n<div class=\"wp-block-buttons is-layout-flex wp-block-buttons-is-layout-flex\"><\/div>\n\n\n\n<hr class=\"wp-block-separator has-css-opacity\"\/>\n\n\n\n<p>Hier geht es zur Abstimmung zur finanziellen Unterst\u00fctzung des Ausbaus des Au\u00dfengel\u00e4ndes: <a href=\"http:\/\/kitasttheresia.de\/202010131117wp\/foerderverein\/projekte\/umfrage-zur-finanziellen-unterstueztung\/\" data-type=\"page\" data-id=\"188\">Umfrage<\/a><\/p>\n\n\n\n<p><\/p>\n\n\n\n<hr class=\"wp-block-separator has-css-opacity\"\/>\n\n\n\n<p><\/p>\n","protected":false},"excerpt":{"rendered":"<p>Hier geht es zur Abstimmung zur finanziellen Unterst\u00fctzung des Ausbaus des Au\u00dfengel\u00e4ndes: Umfrage<\/p>\n","protected":false},"author":5,"featured_media":0,"parent":112,"menu_order":0,"comment_status":"closed","ping_status":"closed","template":"","meta":{"footnotes":""},"class_list":["post-133","page","type-page","status-publish","hentry","without-featured-image"],"_links":{"self":[{"href":"https:\/\/kitasttheresia.de\/202010131117wp\/wp-json\/wp\/v2\/pages\/133","targetHints":{"allow":["GET"]}}],"collection":[{"href":"https:\/\/kitasttheresia.de\/202010131117wp\/wp-json\/wp\/v2\/pages"}],"about":[{"href":"https:\/\/kitasttheresia.de\/202010131117wp\/wp-json\/wp\/v2\/types\/page"}],"author":[{"embeddable":true,"href":"https:\/\/kitasttheresia.de\/202010131117wp\/wp-json\/wp\/v2\/users\/5"}],"replies":[{"embeddable":true,"href":"https:\/\/kitasttheresia.de\/202010131117wp\/wp-json\/wp\/v2\/comments?post=133"}],"version-history":[{"count":12,"href":"https:\/\/kitasttheresia.de\/202010131117wp\/wp-json\/wp\/v2\/pages\/133\/revisions"}],"predecessor-version":[{"id":745,"href":"https:\/\/kitasttheresia.de\/202010131117wp\/wp-json\/wp\/v2\/pages\/133\/revisions\/745"}],"up":[{"embeddable":true,"href":"https:\/\/kitasttheresia.de\/202010131117wp\/wp-json\/wp\/v2\/pages\/112"}],"wp:attachment":[{"href":"https:\/\/kitasttheresia.de\/202010131117wp\/wp-json\/wp\/v2\/media?parent=133"}],"curies":[{"name":"wp","href":"https:\/\/api.w.org\/{rel}","templated":true}]}}