{"id":129,"date":"2020-12-03T22:27:37","date_gmt":"2020-12-03T21:27:37","guid":{"rendered":"http:\/\/kitasttheresia.de\/202010131117wp\/?page_id=129"},"modified":"2021-02-16T19:56:39","modified_gmt":"2021-02-16T18:56:39","slug":"mitglied-werden","status":"publish","type":"page","link":"https:\/\/kitasttheresia.de\/202010131117wp\/foerderverein\/mitglied-werden\/","title":{"rendered":"Wie werde ich Mitglied?"},"content":{"rendered":"\n<p>Werdet jetzt Mitglied im F\u00f6rderverein der KiTa St. Theresia e.V.:<\/p>\n\n\n\n<p>Unser j\u00e4hrliche Mitgliedsbeitrag betr\u00e4gt 25 Euro im Jahr und kann auf die Kindergartenzeit Eures Kindes oder Enkels befristet werden. Einen h\u00f6heren, freiwilligen Beitrag k\u00f6nnt Ihr nat\u00fcrlich jederzeit geben.<\/p>\n\n\n\n<p>Wir sind ein gemeinn\u00fctziger Verein, daher sind Mitgliedsbeitr\u00e4ge und Spenden steuerlich absetzbar.<\/p>\n\n\n\n<p><strong>Wie werde ich denn jetzt Mitglied?<\/strong><\/p>\n\n\n\n<p>Fragt direkt im Kindergarten nach einem Beitrittsformular, nehmt es aus dem Zettelkasten am schwarzen Brett des F\u00f6rdervereins oder druckt es sich gleich selbst aus:<\/p>\n\n\n\n<p><\/p>\n\n\n\n<div class=\"wp-block-file\"><a href=\"http:\/\/kitasttheresia.de\/202010131117wp\/wp-content\/uploads\/2020\/11\/Beitrittserklaerung_neues-Logo.pdf\">Beitrittserklaerung_neues-Logo<\/a><a href=\"http:\/\/kitasttheresia.de\/202010131117wp\/wp-content\/uploads\/2020\/11\/Beitrittserklaerung_neues-Logo.pdf\" class=\"wp-block-file__button\" download>Herunterladen<\/a><\/div>\n\n\n\n<p><\/p>\n\n\n\n<div class=\"wp-block-file\"><a href=\"http:\/\/kitasttheresia.de\/202010131117wp\/wp-content\/uploads\/2020\/11\/Sepa-Einzug_neues-Logo.pdf\">Sepa-Einzug_neues-Logo<\/a><a href=\"http:\/\/kitasttheresia.de\/202010131117wp\/wp-content\/uploads\/2020\/11\/Sepa-Einzug_neues-Logo.pdf\" class=\"wp-block-file__button\" download>Herunterladen<\/a><\/div>\n\n\n\n<p>\u00dcbrigens: Alle im F\u00f6rderverein engagierten Eltern und Mitglieder arbeiten ausschlie\u00dflich ehrenamtlich. So stellen wir sicher, dass unsere Einnahmen, gesammelten Spenden und Mitgliedsbeitr\u00e4ge auch wirklich bei der KiTa und damit unseren Kindern ankommen!<\/p>\n","protected":false},"excerpt":{"rendered":"<p>Werdet jetzt Mitglied im F\u00f6rderverein der KiTa St. Theresia e.V.: Unser j\u00e4hrliche Mitgliedsbeitrag betr\u00e4gt 25 Euro im Jahr und kann auf die Kindergartenzeit Eures Kindes oder Enkels befristet werden. Einen h\u00f6heren, freiwilligen Beitrag k\u00f6nnt Ihr nat\u00fcrlich jederzeit geben. Wir sind ein gemeinn\u00fctziger Verein, daher sind Mitgliedsbeitr\u00e4ge und Spenden steuerlich absetzbar. Wie werde ich denn jetzt &hellip; <a href=\"https:\/\/kitasttheresia.de\/202010131117wp\/foerderverein\/mitglied-werden\/\" class=\"more-link\">Weiterlesen <span class=\"screen-reader-text\">Wie werde ich Mitglied?<\/span><\/a><\/p>\n","protected":false},"author":5,"featured_media":0,"parent":112,"menu_order":0,"comment_status":"closed","ping_status":"closed","template":"","meta":{"footnotes":""},"class_list":["post-129","page","type-page","status-publish","hentry","without-featured-image"],"_links":{"self":[{"href":"https:\/\/kitasttheresia.de\/202010131117wp\/wp-json\/wp\/v2\/pages\/129","targetHints":{"allow":["GET"]}}],"collection":[{"href":"https:\/\/kitasttheresia.de\/202010131117wp\/wp-json\/wp\/v2\/pages"}],"about":[{"href":"https:\/\/kitasttheresia.de\/202010131117wp\/wp-json\/wp\/v2\/types\/page"}],"author":[{"embeddable":true,"href":"https:\/\/kitasttheresia.de\/202010131117wp\/wp-json\/wp\/v2\/users\/5"}],"replies":[{"embeddable":true,"href":"https:\/\/kitasttheresia.de\/202010131117wp\/wp-json\/wp\/v2\/comments?post=129"}],"version-history":[{"count":4,"href":"https:\/\/kitasttheresia.de\/202010131117wp\/wp-json\/wp\/v2\/pages\/129\/revisions"}],"predecessor-version":[{"id":269,"href":"https:\/\/kitasttheresia.de\/202010131117wp\/wp-json\/wp\/v2\/pages\/129\/revisions\/269"}],"up":[{"embeddable":true,"href":"https:\/\/kitasttheresia.de\/202010131117wp\/wp-json\/wp\/v2\/pages\/112"}],"wp:attachment":[{"href":"https:\/\/kitasttheresia.de\/202010131117wp\/wp-json\/wp\/v2\/media?parent=129"}],"curies":[{"name":"wp","href":"https:\/\/api.w.org\/{rel}","templated":true}]}}