{"id":119,"date":"2020-12-03T22:20:26","date_gmt":"2020-12-03T21:20:26","guid":{"rendered":"http:\/\/kitasttheresia.de\/202010131117wp\/?page_id=119"},"modified":"2025-04-07T21:43:21","modified_gmt":"2025-04-07T19:43:21","slug":"neuer-vorstand","status":"publish","type":"page","link":"https:\/\/kitasttheresia.de\/202010131117wp\/foerderverein\/neuer-vorstand\/","title":{"rendered":"Der Vorstand"},"content":{"rendered":"\n<figure class=\"wp-block-gallery has-nested-images columns-default is-cropped wp-block-gallery-1 is-layout-flex wp-block-gallery-is-layout-flex\">\n<figure class=\"wp-block-image size-large\"><img loading=\"lazy\" decoding=\"async\" width=\"1024\" height=\"414\" data-id=\"769\" src=\"https:\/\/kitasttheresia.de\/202010131117wp\/wp-content\/uploads\/2025\/04\/0F037C16-5012-49A4-AD26-E5797AAFECDE_1_201_a-1024x414.jpeg\" alt=\"\" class=\"wp-image-769\" srcset=\"https:\/\/kitasttheresia.de\/202010131117wp\/wp-content\/uploads\/2025\/04\/0F037C16-5012-49A4-AD26-E5797AAFECDE_1_201_a-1024x414.jpeg 1024w, https:\/\/kitasttheresia.de\/202010131117wp\/wp-content\/uploads\/2025\/04\/0F037C16-5012-49A4-AD26-E5797AAFECDE_1_201_a-300x121.jpeg 300w, https:\/\/kitasttheresia.de\/202010131117wp\/wp-content\/uploads\/2025\/04\/0F037C16-5012-49A4-AD26-E5797AAFECDE_1_201_a-768x311.jpeg 768w, https:\/\/kitasttheresia.de\/202010131117wp\/wp-content\/uploads\/2025\/04\/0F037C16-5012-49A4-AD26-E5797AAFECDE_1_201_a-1536x621.jpeg 1536w, https:\/\/kitasttheresia.de\/202010131117wp\/wp-content\/uploads\/2025\/04\/0F037C16-5012-49A4-AD26-E5797AAFECDE_1_201_a-940x380.jpeg 940w, https:\/\/kitasttheresia.de\/202010131117wp\/wp-content\/uploads\/2025\/04\/0F037C16-5012-49A4-AD26-E5797AAFECDE_1_201_a.jpeg 1884w\" sizes=\"auto, (max-width: 1024px) 100vw, 1024px\" \/><\/figure>\n<\/figure>\n\n\n\n<p>Vorsitzende des Vorstandes (links): Thomas Fricke<\/p>\n\n\n\n<p>Stellv. Vorsitzender des Vorstandes (mitte): Stefan Frye<\/p>\n\n\n\n<p>Kassenw\u00e4rtin (rechts): Sabrina Thom<\/p>\n\n\n\n<p>Seit Herbst 2024 sind wir der neue Vorstand des F\u00f6rdervereins St. Theresia. Wir m\u00f6chten uns f\u00fcr viele Projekte einsetzen und den Kindergarten finanziell unterst\u00fctzen und so die Kindergartenzeit f\u00fcr die Kinder unvergesslich machen.  Wir organisieren zwei mal pro Jahr den allseits beliebten Kinderflohmarkt und setzen uns ein, dass dieser auch in den neuen R\u00e4umlichkeiten nach dem Umzug im Jahr 2024, weiterhin statt finden kann. Zusammen mit der Kindergartenleitung und dem Elternbeirat realisieren wir kleine Veranstaltungen und erm\u00f6glichen Theaterbesuche f\u00fcr die Kinder und unterst\u00fctzen die Ausstattung des Kindergartens. <\/p>\n","protected":false},"excerpt":{"rendered":"<p>Vorsitzende des Vorstandes (links): Thomas Fricke Stellv. Vorsitzender des Vorstandes (mitte): Stefan Frye Kassenw\u00e4rtin (rechts): Sabrina Thom Seit Herbst 2024 sind wir der neue Vorstand des F\u00f6rdervereins St. Theresia. Wir m\u00f6chten uns f\u00fcr viele Projekte einsetzen und den Kindergarten finanziell unterst\u00fctzen und so die Kindergartenzeit f\u00fcr die Kinder unvergesslich machen. Wir organisieren zwei mal pro &hellip; <a href=\"https:\/\/kitasttheresia.de\/202010131117wp\/foerderverein\/neuer-vorstand\/\" class=\"more-link\">Weiterlesen <span class=\"screen-reader-text\">Der Vorstand<\/span><\/a><\/p>\n","protected":false},"author":5,"featured_media":0,"parent":112,"menu_order":0,"comment_status":"closed","ping_status":"closed","template":"","meta":{"footnotes":""},"class_list":["post-119","page","type-page","status-publish","hentry","without-featured-image"],"_links":{"self":[{"href":"https:\/\/kitasttheresia.de\/202010131117wp\/wp-json\/wp\/v2\/pages\/119","targetHints":{"allow":["GET"]}}],"collection":[{"href":"https:\/\/kitasttheresia.de\/202010131117wp\/wp-json\/wp\/v2\/pages"}],"about":[{"href":"https:\/\/kitasttheresia.de\/202010131117wp\/wp-json\/wp\/v2\/types\/page"}],"author":[{"embeddable":true,"href":"https:\/\/kitasttheresia.de\/202010131117wp\/wp-json\/wp\/v2\/users\/5"}],"replies":[{"embeddable":true,"href":"https:\/\/kitasttheresia.de\/202010131117wp\/wp-json\/wp\/v2\/comments?post=119"}],"version-history":[{"count":7,"href":"https:\/\/kitasttheresia.de\/202010131117wp\/wp-json\/wp\/v2\/pages\/119\/revisions"}],"predecessor-version":[{"id":770,"href":"https:\/\/kitasttheresia.de\/202010131117wp\/wp-json\/wp\/v2\/pages\/119\/revisions\/770"}],"up":[{"embeddable":true,"href":"https:\/\/kitasttheresia.de\/202010131117wp\/wp-json\/wp\/v2\/pages\/112"}],"wp:attachment":[{"href":"https:\/\/kitasttheresia.de\/202010131117wp\/wp-json\/wp\/v2\/media?parent=119"}],"curies":[{"name":"wp","href":"https:\/\/api.w.org\/{rel}","templated":true}]}}